{"id":1386,"date":"2021-09-01T05:53:18","date_gmt":"2021-09-01T05:53:18","guid":{"rendered":"https:\/\/oigusteenused.eu\/ru\/?page_id=1386"},"modified":"2021-09-08T10:01:15","modified_gmt":"2021-09-08T10:01:15","slug":"privaatsuspoliitika","status":"publish","type":"page","link":"https:\/\/oigusteenused.eu\/ru\/privaatsuspoliitika\/","title":{"rendered":"Privaatsuspoliitika"},"content":{"rendered":"<div id='av_section_1'  class='avia-section av-3tng4q-36770a4b274139b9fa11b48d27e2593a main_color avia-section-default avia-no-border-styling  avia-builder-el-0  avia-builder-el-no-sibling  avia-bg-style-scroll container_wrap fullsize'  ><div class='container av-section-cont-open' ><main  role=\"main\" itemprop=\"mainContentOfPage\"  class='template-page content  av-content-full alpha units'><div class='post-entry post-entry-type-page post-entry-1386'><div class='entry-content-wrapper clearfix'>\n<div  class='flex_column av-20mwve-2102621244c1bdea402ffdf087a19a16 av_one_full  avia-builder-el-1  avia-builder-el-no-sibling  first flex_column_div  '     ><p>\n<style type=\"text\/css\" data-created_by=\"avia_inline_auto\" id=\"style-css-av-kt1307fm-fa454a74031cd1346d1d843a1ac20be4\">\n#top .av-special-heading.av-kt1307fm-fa454a74031cd1346d1d843a1ac20be4{\npadding-bottom:10px;\nfont-size:30px;\n}\nbody .av-special-heading.av-kt1307fm-fa454a74031cd1346d1d843a1ac20be4 .av-special-heading-tag .heading-char{\nfont-size:25px;\n}\n#top #wrap_all .av-special-heading.av-kt1307fm-fa454a74031cd1346d1d843a1ac20be4 .av-special-heading-tag{\nfont-size:30px;\n}\n.av-special-heading.av-kt1307fm-fa454a74031cd1346d1d843a1ac20be4 .av-subheading{\nfont-size:15px;\n}\n\n@media only screen and (min-width: 480px) and (max-width: 767px){ \n#top #wrap_all .av-special-heading.av-kt1307fm-fa454a74031cd1346d1d843a1ac20be4 .av-special-heading-tag{\nfont-size:0.8em;\n}\n}\n\n@media only screen and (max-width: 479px){ \n#top #wrap_all .av-special-heading.av-kt1307fm-fa454a74031cd1346d1d843a1ac20be4 .av-special-heading-tag{\nfont-size:0.8em;\n}\n}\n<\/style>\n<div  class='av-special-heading av-kt1307fm-fa454a74031cd1346d1d843a1ac20be4 av-special-heading-h1 blockquote modern-quote  avia-builder-el-2  el_before_av_textblock  avia-builder-el-first  av-inherit-size'><h1 class='av-special-heading-tag '  itemprop=\"headline\"  >Kodulehe privaatsuspoliitika<\/h1><div class=\"special-heading-border\"><div class=\"special-heading-inner-border\"><\/div><\/div><\/div><br \/>\n<section  class='av_textblock_section av-kt132khn-027b1bdde78122168c38684eb38c38ec '   itemscope=\"itemscope\" itemtype=\"https:\/\/schema.org\/CreativeWork\" ><div class='avia_textblock'  itemprop=\"text\" ><p><strong>Privaatsuspoliitika<\/strong><\/p>\n<p>K\u00e4esolev privaatsuspoliitika on koostatud eesm\u00e4rgiga kaitsta Eesti \u00d5igusteenused O\u00dc endiste, praeguste ja tulevaste klientide privaatsust. Sellest l\u00e4htuvalt toome v\u00e4lja p\u00f5him\u00f5tted, mis k\u00e4sitlevad kliendi isikuandmete kogumist, kasutamist, talletamist, edastamist ja avaldamist ning on koosk\u00f5las Eesti Vabariigi seaduste ning Euroopa Liidu \u00f5igusaktidega.<\/p>\n<p><strong>Isikuandmete kogumine ja kasutamine<\/strong><\/p>\n<p>Isikuandmetena k\u00e4sitleme andmeid, mis on isiku poolt antud vabatahtlikult ning kinnitatud kirjaliku n\u00f5usolekuga. Isikuandmed v\u00f5ivad sisaldada nime, telefoninumbrit, e-maili, aadressi ja muid andmeid.<\/p>\n<p>Isikuandmeid kasutame vaid selleks etten\u00e4htud eesm\u00e4rgil, milleks on klientidele v\u00e4rskeima turuinfo edastamine uudiskirjade, igakuiste turu\u00fclevaadete, parimate pakkumiste ning muu Eesti \u00d5igusteenused O\u00dc tegevusega seotud info jagamine.<\/p>\n<p>Eesti \u00d5igusteenused O\u00dc ei levita, edasta, muuda ega kasuta m\u00f5nel muul mitte etten\u00e4htud viisil meile usaldatud isikuandmeid, v\u00e4lja arvatud juhul kui kliendiga on vastav kokkulepe v\u00f5i kui info avaldamise vajadus tuleneb Eesti Vabariigi seadusandlusest.<\/p>\n<p>Juhul, kui saate meie k\u00e4est eelnimetatud infot, ilma et oleksite meile enda teadmata edastanud oma andmeid, palume sellest teada anda info@oigusteenused.eu.<\/p>\n<p>Isikul on \u00f5igus oma n\u00f5usolek igal ajal tagasi v\u00f5tta teavitades sellest aadressil info@oigusteenused.eu<\/p>\n<p><strong>Isikustamata andmete kogumine ja kasutamine<\/strong><\/p>\n<p>Isikustamata andmed on andmed, mida ei saa otseselt siduda \u00fche kindla isikuga (vanus, sugu, elukoht).<\/p>\n<p>Eesti \u00d5igusteenused O\u00dc kasutab oma veebilehel www.oigusteenused.eu k\u00fcpsiseid (cookies), mille funktsioon on \u00fcldise statistika kogumine meie kodulehe liikluse kohta, kodulehe kasutamise kiirendamine ja mugavamaks muutmine kasutajate jaoks. See info aitab meil oma kodulehek\u00fclge ajakohastada ja muuta info Teile paremini k\u00e4ttesaadavamaks. Me ei j\u00e4lgi individuaalsete inimeste k\u00e4itumist ja liikumist meie veebilehel.<\/p>\n<p>K\u00fcpsis on tekstifail, mille saadavad ja salvestavad kasutaja arvutisse veebilehed, mida ta k\u00fclastab. K\u00fcpsis salvestatakse kasutaja veebilehitseja failikataloogis. Juhul kui Kasutaja on veebilehte varem k\u00fclastanud, loeb veebilehitseja k\u00fcpsist ning edastab vastava teabe veebilehele v\u00f5i elemendile, mis k\u00fcpsise algul salvestas. Lisateave k\u00fcpsiste kohta on k\u00e4ttesaadav veebilehel www.aki.ee\/et\/kupsised.<\/p>\n<p>Veebilehitsejal on \u00f5igus k\u00fcpsiste kasutamine \u00e4ra keelata. Vastava soovi korral tuleb muuta oma veebilehitseja seadeid.<\/p>\n<p><strong>Privaatsuspoliitika tingimused ja muudatused<\/strong><\/p>\n<p>Meile oma andmeid edastades ning meie veebilehte kasutama asudes, olete tutvunud meie p\u00f5him\u00f5tete ja tingimustega ning nendega n\u00f5ustunud. Eesti \u00d5igusteenused O\u00dc j\u00e4tab endale \u00f5iguse vajadusel muuta privaatsuspoliitika \u00fcldtingimusi.<\/p>\n<p>K\u00f5ikide privaatsuspoliitikat puudutavate k\u00fcsimuste korral palume v\u00f5tta meiega \u00fchendust info@oigusteenused.eu.<\/p>\n<\/div><\/section><\/p><\/div>\n","protected":false},"excerpt":{"rendered":"","protected":false},"author":1,"featured_media":0,"parent":0,"menu_order":0,"comment_status":"closed","ping_status":"closed","template":"","meta":{"footnotes":""},"class_list":["post-1386","page","type-page","status-publish","hentry"],"_links":{"self":[{"href":"https:\/\/oigusteenused.eu\/ru\/wp-json\/wp\/v2\/pages\/1386","targetHints":{"allow":["GET"]}}],"collection":[{"href":"https:\/\/oigusteenused.eu\/ru\/wp-json\/wp\/v2\/pages"}],"about":[{"href":"https:\/\/oigusteenused.eu\/ru\/wp-json\/wp\/v2\/types\/page"}],"author":[{"embeddable":true,"href":"https:\/\/oigusteenused.eu\/ru\/wp-json\/wp\/v2\/users\/1"}],"replies":[{"embeddable":true,"href":"https:\/\/oigusteenused.eu\/ru\/wp-json\/wp\/v2\/comments?post=1386"}],"version-history":[{"count":2,"href":"https:\/\/oigusteenused.eu\/ru\/wp-json\/wp\/v2\/pages\/1386\/revisions"}],"predecessor-version":[{"id":1467,"href":"https:\/\/oigusteenused.eu\/ru\/wp-json\/wp\/v2\/pages\/1386\/revisions\/1467"}],"wp:attachment":[{"href":"https:\/\/oigusteenused.eu\/ru\/wp-json\/wp\/v2\/media?parent=1386"}],"curies":[{"name":"wp","href":"https:\/\/api.w.org\/{rel}","templated":true}]}}