{"id":1366,"date":"2021-08-30T15:37:14","date_gmt":"2021-08-30T15:37:14","guid":{"rendered":"https:\/\/oigusteenused.eu\/ru\/?page_id=1366"},"modified":"2021-09-08T09:53:50","modified_gmt":"2021-09-08T09:53:50","slug":"%d0%bf%d0%be%d0%bb%d0%b5%d0%b7%d0%bd%d1%8b%d0%b9-%d0%bc%d0%b0%d1%82%d0%b5%d1%80%d0%b8%d0%b0%d0%bb","status":"publish","type":"page","link":"https:\/\/oigusteenused.eu\/ru\/%d0%bf%d0%be%d0%bb%d0%b5%d0%b7%d0%bd%d1%8b%d0%b9-%d0%bc%d0%b0%d1%82%d0%b5%d1%80%d0%b8%d0%b0%d0%bb\/","title":{"rendered":"\u041f\u043e\u043b\u0435\u0437\u043d\u044b\u0439 \u043c\u0430\u0442\u0435\u0440\u0438\u0430\u043b"},"content":{"rendered":"<div id='av_section_1'  class='avia-section av-qet8u-620f5dcfcd853f49434b2c43b1d4f479 main_color avia-section-large avia-no-border-styling  avia-builder-el-0  avia-builder-el-no-sibling  avia-bg-style-scroll container_wrap fullsize'  ><div class='container av-section-cont-open' ><main  role=\"main\" itemprop=\"mainContentOfPage\"  class='template-page content  av-content-full alpha units'><div class='post-entry post-entry-type-page post-entry-1366'><div class='entry-content-wrapper clearfix'>\n<div class='flex_column_table av-9wkhy-67fd9e37c9522078ab43d2c48e3780b0 sc-av_one_third av-equal-height-column-flextable'>\n<style type=\"text\/css\" data-created_by=\"avia_inline_auto\" id=\"style-css-av-9wkhy-67fd9e37c9522078ab43d2c48e3780b0\">\n#top .flex_column_table.av-equal-height-column-flextable.av-9wkhy-67fd9e37c9522078ab43d2c48e3780b0{\nmargin-top:0px;\nmargin-bottom:0px;\n}\n.flex_column.av-9wkhy-67fd9e37c9522078ab43d2c48e3780b0{\nborder-radius:3px 3px 3px 3px;\npadding:0px 0px 0px 0px;\n}\n<\/style>\n<div  class='flex_column av-9wkhy-67fd9e37c9522078ab43d2c48e3780b0 av_one_third  avia-builder-el-1  el_before_av_two_third  avia-builder-el-first  first flex_column_table_cell av-equal-height-column av-align-middle av-animated-generic left-to-right av-zero-column-padding  '     ><p>\n<style type=\"text\/css\" data-created_by=\"avia_inline_auto\" id=\"style-css-av-ksslk704-4fb323f75d24fbf296d72e341993497a\">\n.av_font_icon.av-ksslk704-4fb323f75d24fbf296d72e341993497a{\ncolor:#cfa055;\nborder-color:#cfa055;\n}\n.avia-svg-icon.av-ksslk704-4fb323f75d24fbf296d72e341993497a svg:first-child{\nstroke:#cfa055;\nfill:#cfa055;\n}\n.av_font_icon.av-ksslk704-4fb323f75d24fbf296d72e341993497a .av-icon-char{\nfont-size:80px;\nline-height:80px;\n}\n<\/style>\n<span  class='av_font_icon av-ksslk704-4fb323f75d24fbf296d72e341993497a avia_animate_when_visible av-icon-style- avia-icon-pos-left avia-iconfont avia-font-fontello avia-icon-animate'><span class='av-icon-char' data-av_icon='\ue801' data-av_iconfont='fontello' aria-hidden=\"true\" ><\/span><\/span><br \/>\n\n<style type=\"text\/css\" data-created_by=\"avia_inline_auto\" id=\"style-css-av-uyrai-91a9f24e8e77612e8153b849108012f6\">\n#top .av-special-heading.av-uyrai-91a9f24e8e77612e8153b849108012f6{\nmargin:15px 0 0 0;\npadding-bottom:10px;\nfont-size:30px;\n}\nbody .av-special-heading.av-uyrai-91a9f24e8e77612e8153b849108012f6 .av-special-heading-tag .heading-char{\nfont-size:25px;\n}\n#top #wrap_all .av-special-heading.av-uyrai-91a9f24e8e77612e8153b849108012f6 .av-special-heading-tag{\nfont-size:30px;\npadding:10px 0 0 0;\n}\n.av-special-heading.av-uyrai-91a9f24e8e77612e8153b849108012f6 .av-subheading{\nfont-size:15px;\n}\n\n@media only screen and (min-width: 480px) and (max-width: 767px){ \n#top #wrap_all .av-special-heading.av-uyrai-91a9f24e8e77612e8153b849108012f6 .av-special-heading-tag{\nfont-size:0.8em;\n}\n}\n\n@media only screen and (max-width: 479px){ \n#top #wrap_all .av-special-heading.av-uyrai-91a9f24e8e77612e8153b849108012f6 .av-special-heading-tag{\nfont-size:0.8em;\n}\n}\n<\/style>\n<div  class='av-special-heading av-uyrai-91a9f24e8e77612e8153b849108012f6 av-special-heading-h2 blockquote modern-quote  avia-builder-el-3  el_after_av_font_icon  avia-builder-el-last  av-inherit-size'><h2 class='av-special-heading-tag '  itemprop=\"headline\"  >\u041f\u043e\u043b\u0435\u0437\u043d\u044b\u0439 \u043c\u0430\u0442\u0435\u0440\u0438\u0430\u043b<\/h2><div class=\"special-heading-border\"><div class=\"special-heading-inner-border\"><\/div><\/div><\/div><\/p><\/div><div class='av-flex-placeholder'><\/div>\n<style type=\"text\/css\" data-created_by=\"avia_inline_auto\" id=\"style-css-av-4libd2-b3bc22f18b9695ec2ad423819f54c554\">\n#top .flex_column_table.av-equal-height-column-flextable.av-4libd2-b3bc22f18b9695ec2ad423819f54c554{\nmargin-top:0px;\nmargin-bottom:0px;\n}\n.flex_column.av-4libd2-b3bc22f18b9695ec2ad423819f54c554{\nborder-radius:3px 3px 3px 3px;\npadding:0px 0px 0px 0px;\n}\n<\/style>\n<div  class='flex_column av-4libd2-b3bc22f18b9695ec2ad423819f54c554 av_two_third  avia-builder-el-4  el_after_av_one_third  avia-builder-el-last  flex_column_table_cell av-equal-height-column av-align-middle av-animated-generic left-to-right av-zero-column-padding  '     ><style type=\"text\/css\" data-created_by=\"avia_inline_auto\" id=\"style-css-av-37fz3q-c5c5c4294a65adb49c0b422f0435ac5d\">\n#top .av_textblock_section.av-37fz3q-c5c5c4294a65adb49c0b422f0435ac5d .avia_textblock{\nfont-size:20px;\n}\n<\/style>\n<section  class='av_textblock_section av-37fz3q-c5c5c4294a65adb49c0b422f0435ac5d '   itemscope=\"itemscope\" itemtype=\"https:\/\/schema.org\/CreativeWork\" ><div class='avia_textblock'  itemprop=\"text\" ><ul>\n<li><strong><a href=\"https:\/\/oigusteenused.eu\/ru\/wp-content\/uploads\/2021\/08\/Lisa_1_Eluruumi_yyrileping_AKT.pdf\" target=\"_blank\" rel=\"noopener\">Eluruumi \u00fc\u00fcrilepingu akti n\u00e4idis<\/a><\/strong><\/li>\n<li><strong><a href=\"https:\/\/oigusteenused.eu\/ru\/wp-content\/uploads\/2021\/08\/Eluruumi_yyrileping_NAIDIS.pdf\" target=\"_blank\" rel=\"noopener\">Eluruumi \u00fc\u00fcrilepingu n\u00e4idis<\/a><\/strong><\/li>\n<\/ul>\n<\/div><\/section><\/div><\/div><!--close column table wrapper. Autoclose: 1 -->\n","protected":false},"excerpt":{"rendered":"","protected":false},"author":1,"featured_media":0,"parent":0,"menu_order":0,"comment_status":"open","ping_status":"open","template":"","meta":{"footnotes":""},"class_list":["post-1366","page","type-page","status-publish","hentry"],"_links":{"self":[{"href":"https:\/\/oigusteenused.eu\/ru\/wp-json\/wp\/v2\/pages\/1366","targetHints":{"allow":["GET"]}}],"collection":[{"href":"https:\/\/oigusteenused.eu\/ru\/wp-json\/wp\/v2\/pages"}],"about":[{"href":"https:\/\/oigusteenused.eu\/ru\/wp-json\/wp\/v2\/types\/page"}],"author":[{"embeddable":true,"href":"https:\/\/oigusteenused.eu\/ru\/wp-json\/wp\/v2\/users\/1"}],"replies":[{"embeddable":true,"href":"https:\/\/oigusteenused.eu\/ru\/wp-json\/wp\/v2\/comments?post=1366"}],"version-history":[{"count":6,"href":"https:\/\/oigusteenused.eu\/ru\/wp-json\/wp\/v2\/pages\/1366\/revisions"}],"predecessor-version":[{"id":1465,"href":"https:\/\/oigusteenused.eu\/ru\/wp-json\/wp\/v2\/pages\/1366\/revisions\/1465"}],"wp:attachment":[{"href":"https:\/\/oigusteenused.eu\/ru\/wp-json\/wp\/v2\/media?parent=1366"}],"curies":[{"name":"wp","href":"https:\/\/api.w.org\/{rel}","templated":true}]}}