{"id":1347,"date":"2021-08-30T14:32:01","date_gmt":"2021-08-30T14:32:01","guid":{"rendered":"https:\/\/oigusteenused.eu\/ru\/?page_id=1347"},"modified":"2021-12-30T15:01:00","modified_gmt":"2021-12-30T15:01:00","slug":"oigusloome-koolitus-algajatele","status":"publish","type":"page","link":"https:\/\/oigusteenused.eu\/ru\/%d0%ba%d1%83%d1%80%d1%81%d1%8b\/oigusloome-koolitus-algajatele\/","title":{"rendered":"\u00d5igusloome koolitus algajatele"},"content":{"rendered":"<div id='av_section_1'  class='avia-section av-qet8u-620f5dcfcd853f49434b2c43b1d4f479 main_color avia-section-large avia-no-border-styling  avia-builder-el-0  avia-builder-el-no-sibling  avia-bg-style-scroll container_wrap fullsize'  ><div class='container av-section-cont-open' ><main  role=\"main\" itemprop=\"mainContentOfPage\"  class='template-page content  av-content-full alpha units'><div class='post-entry post-entry-type-page post-entry-1347'><div class='entry-content-wrapper clearfix'>\n\n<style type=\"text\/css\" data-created_by=\"avia_inline_auto\" id=\"style-css-av-uyrai-9ed36e67bfd0f53365b51907afa44ae8\">\n#top .av-special-heading.av-uyrai-9ed36e67bfd0f53365b51907afa44ae8{\nmargin:15px 0 0 0;\npadding-bottom:10px;\nfont-size:35px;\n}\nbody .av-special-heading.av-uyrai-9ed36e67bfd0f53365b51907afa44ae8 .av-special-heading-tag .heading-char{\nfont-size:25px;\n}\n#top #wrap_all .av-special-heading.av-uyrai-9ed36e67bfd0f53365b51907afa44ae8 .av-special-heading-tag{\nfont-size:35px;\npadding:10px 0 0 0;\n}\n.av-special-heading.av-uyrai-9ed36e67bfd0f53365b51907afa44ae8 .av-subheading{\nfont-size:15px;\n}\n\n@media only screen and (min-width: 480px) and (max-width: 767px){ \n#top #wrap_all .av-special-heading.av-uyrai-9ed36e67bfd0f53365b51907afa44ae8 .av-special-heading-tag{\nfont-size:0.8em;\n}\n}\n\n@media only screen and (max-width: 479px){ \n#top #wrap_all .av-special-heading.av-uyrai-9ed36e67bfd0f53365b51907afa44ae8 .av-special-heading-tag{\nfont-size:0.8em;\n}\n}\n<\/style>\n<div  class='av-special-heading av-uyrai-9ed36e67bfd0f53365b51907afa44ae8 av-special-heading-h2 blockquote modern-quote  avia-builder-el-1  el_before_av_one_full  avia-builder-el-first  av-inherit-size'><h2 class='av-special-heading-tag '  itemprop=\"headline\"  >\u00d5igusloome koolitus algajatele<\/h2><div class=\"special-heading-border\"><div class=\"special-heading-inner-border\"><\/div><\/div><\/div>\n<div class='flex_column_table av-9wkhy-67fd9e37c9522078ab43d2c48e3780b0 sc-av_one_full av-equal-height-column-flextable'>\n<style type=\"text\/css\" data-created_by=\"avia_inline_auto\" id=\"style-css-av-9wkhy-67fd9e37c9522078ab43d2c48e3780b0\">\n#top .flex_column_table.av-equal-height-column-flextable.av-9wkhy-67fd9e37c9522078ab43d2c48e3780b0{\nmargin-top:0px;\nmargin-bottom:0px;\n}\n.flex_column.av-9wkhy-67fd9e37c9522078ab43d2c48e3780b0{\nborder-radius:3px 3px 3px 3px;\npadding:0px 0px 0px 0px;\n}\n<\/style>\n<div  class='flex_column av-9wkhy-67fd9e37c9522078ab43d2c48e3780b0 av_one_full  avia-builder-el-2  el_after_av_heading  avia-builder-el-last  first flex_column_table_cell av-equal-height-column av-align-middle av-animated-generic left-to-right av-zero-column-padding  '     ><p><section  class='av_textblock_section av-jgds8wgh-7748c3d26df70201118b281b2447eaba '   itemscope=\"itemscope\" itemtype=\"https:\/\/schema.org\/CreativeWork\" ><div class='avia_textblock'  itemprop=\"text\" ><p><strong>Koolituse eesm\u00e4rk:<\/strong> Koolituse l\u00e4binud isikud on koolituse l\u00f5puks omandanud teadmised ja oskused \u00f5igusloome protsessis osalemiseks, seaduste, m\u00e4\u00e4ruste, otsuste, korralduste koostamiseks ning m\u00f5jude hindamiseks \u00f5igusaktide ettevalmistamisel.<\/p>\n<p><strong>\u00d5piv\u00e4ljund:<\/strong> Koolituse l\u00e4binud isik koolituse l\u00f5puks tunneb \u00f5igusloomeprotsessi ja oskab koostada seadusi, m\u00e4\u00e4rusi, otsuseid, korraldusi ning hinnata ettevalmistavate \u00f5igusaktide m\u00f5jusid.<\/p>\n<p><strong>Sihtgrupp<\/strong>: Isikud, kes juba t\u00f6\u00f6tavad v\u00f5i alles soovivad t\u00f6\u00f6tada riigi- v\u00f5i kohaliku omavalitsuse asutuses ning kelle \u00fclesanne on otsuste, korralduste, m\u00e4\u00e4ruste v\u00f5i seaduste koostamine.<\/p>\n<p><strong>\u00d5ppekeel:<\/strong> eesti keel<\/p>\n<p><strong>Koolituse programm<\/strong> on leitav <a href=\"https:\/\/oigusteenused.eu\/ru\/wp-content\/uploads\/2021\/08\/Oigusloome_programm.pdf\" target=\"_blank\" rel=\"noopener\"><strong><u>siin<\/u><\/strong><\/a><\/p>\n<p><strong>Koolituse \u00f5ppekava<\/strong> on leitav <a href=\"https:\/\/oigusteenused.eu\/ru\/wp-content\/uploads\/2021\/08\/Oigusloome_oppekava.pdf\" target=\"_blank\" rel=\"noopener\"><strong><u>siin<\/u><\/strong><\/a><\/p>\n<p><strong>Koolituse maht:<\/strong> 8 akadeemilist tundi.<\/p>\n<p><strong>Toimumiskoht: <\/strong>veebip\u00f5hine \u00f5pe Zoom keskkonnas. Osalejal on vajalik arvuti ja Interneti\u00fchendus.<\/p>\n<p><strong>Toimumisaeg:<\/strong> t\u00e4psustamisel<\/p>\n<p><strong>Koolituse hind:<\/strong> 210 eurot. Hind sisaldab materjale (loenguslaidid) ja t\u00f5endit!<\/p>\n<p><strong>Koolitusel l\u00e4bitakse j\u00e4rgmised teemad:<\/strong><\/p>\n<ol>\n<li>Eesti \u00f5iguss\u00fcsteem;<\/li>\n<li>\u00d5igusaktide hierarhia;<\/li>\n<li>\u00d5igusloovad aktid, \u00fcld- ja \u00fcksikaktide erinevus ja kehtivus;<\/li>\n<li>\u00d5igusaktide formaalne ja materiaalne \u00f5igusp\u00e4rasus;<\/li>\n<li>\u00d5igusloome protsess \u2013 \u00f5igusakti koostamisest vastuv\u00f5tmiseni;<\/li>\n<li>\u00d5igusloome metoodika ja normitehnika olemus ja p\u00f5him\u00f5tted;<\/li>\n<li>\u00d5igusaktide \u00fclesehitus ja s\u00e4tete s\u00f5nastamine;<\/li>\n<li>M\u00f5jude hindamine \u2013 eesm\u00e4rk, t\u00e4hendus, p\u00f5him\u00f5tted, protsess.<\/li>\n<\/ol>\n<\/div><\/section><br \/>\n<section  class='av_textblock_section av-ksys52eq-ff4bbe4356ab59e8b19a61c44ab96e92 '   itemscope=\"itemscope\" itemtype=\"https:\/\/schema.org\/CreativeWork\" ><div class='avia_textblock'  itemprop=\"text\" ><p><strong>Lektor: <\/strong><\/p>\n<p>Galina Danili\u0161ina on omandanud \u00f5igusteaduse magistrikraadi Tartu \u00dclikoolis ja tal on pikaajaline \u00f5igusloome ja poliitikakujundamise protsessi kogemus. Galina Danili\u0161ina on t\u00f6\u00f6tanud Keskkonnaministeeriumis peaspetsialistina aastatel 2011-2014 ja Siseministeeriumis n\u00f5unikuna aastatel 2014-2019. 2020. aastast t\u00f6\u00f6tab Galina Danili\u0161ina Eesti \u00d5igusteenused O\u00dc juristina ja on teinud mitmeid juriidilisi anal\u00fc\u00fcse ettevalmistavate \u00f5igusaktide muutmiseks, koostamiseks ja m\u00f5jude hindamiseks. Galina Danili\u0161ina vastutas j\u00e4rgmiste \u00f5igusaktide koostamise\/muutmise eest:<\/p>\n<ol>\n<li>H\u00e4daolukorra seaduse 205 SE tervikteksti ja seletuskirja koostamine, m\u00f5jude hindamine.<\/li>\n<li>Veeseaduse 643 SE tervikteksti ja seletuskirja koostamine, m\u00f5jude hindamine.<\/li>\n<li>Siseministri 21.06.2017 m\u00e4\u00e4ruse \u201eElut\u00e4htsa teenuse toimepidevuse riskianal\u00fc\u00fcsi ja plaani, nende koostamise ning plaani kasutuselev\u00f5tmise n\u00f5uded ja kord\u201c tervikteksti ja seletuskirja koostamine, m\u00f5jude hindamine.<\/li>\n<li>Vabariigi Valitsuse 29.11.2012 m\u00e4\u00e4ruse \u201eReovee puhastamise ning heit- ja sademevee suublasse juhtimise kohta esitatavad n\u00f5uded, heit- ja sademevee reostusn\u00e4itajate piirm\u00e4\u00e4rad ning nende n\u00f5uete t\u00e4itmise kontrollimise meetmed\u201c tervikteksti ja seletuskirja koostamine, m\u00f5jude hindamine.<\/li>\n<li>Keskkonnaministri 06.mai 2002. a m\u00e4\u00e4rus nr 30 \u201eProoviv\u00f5tumeetodid\u201c \u2013 muutmism\u00e4\u00e4ruse eeln\u00f5u ja seletuskirja koostamine, m\u00f5jude hindamine.<\/li>\n<li>Keskkonnaministri 30. detsembri 2002. a m\u00e4\u00e4rus nr 78 \u201eReoveesette p\u00f5llumajanduses, haljastuses ja rekultiveerimisel kasutamise n\u00f5uded\u201c \u2013 muutmism\u00e4\u00e4ruse eeln\u00f5u ja seletuskirja koostamine, m\u00f5jude hindamine.<\/li>\n<\/ol>\n<p>Lisaks eelnimetatud aktide koostamise juhtimisel on Galina Danili\u0161ina osalenud ka paljude muude \u00f5igusaktide ja k\u00e4skkirjade ettevalmistamisel.<\/p>\n<p><strong>V\u00e4ljund:<\/strong><\/p>\n<p>Eesti \u00d5igusteenused O\u00dc t\u00f5end koolituse l\u00e4bimise kohta.<\/p>\n<p><strong>Koolitusele registreerumine:<\/strong><\/p>\n<p>Registreeruda koolitusele saab kuni 11.11.2021. Registreerumiseks tuleb saata registreerumissoovi meilile <a>info@oigusteenused.eu<\/a> ning tuua kirjas v\u00e4lja j\u00e4rgmised andmed: osaleja nimi, e-post, telefoni number, isikukood, koolituse nimetus ja toimimisaeg, koolitusarve saaja andmed (isiku nimi, isikukood v\u00f5i registrikood, e-post, telefoni nr).<\/p>\n<p><a href=\"https:\/\/oigusteenused.eu\/ru\/%d0%ba%d1%83%d1%80%d1%81%d1%8b\/\" target=\"_blank\" rel=\"noopener\"><strong><u>T\u00e4ienduskoolituse \u00f5ppekorralduse ja kvaliteedi tagamise alustega saab tutvuda siin<\/u><\/strong><strong>.<\/strong><\/a><\/p>\n<p style=\"text-align: left;\">\n<\/div><\/section><\/p><\/div><\/div><!--close column table wrapper. Autoclose: 1 -->\n","protected":false},"excerpt":{"rendered":"","protected":false},"author":1,"featured_media":0,"parent":1327,"menu_order":0,"comment_status":"closed","ping_status":"open","template":"","meta":{"footnotes":""},"class_list":["post-1347","page","type-page","status-publish","hentry"],"_links":{"self":[{"href":"https:\/\/oigusteenused.eu\/ru\/wp-json\/wp\/v2\/pages\/1347","targetHints":{"allow":["GET"]}}],"collection":[{"href":"https:\/\/oigusteenused.eu\/ru\/wp-json\/wp\/v2\/pages"}],"about":[{"href":"https:\/\/oigusteenused.eu\/ru\/wp-json\/wp\/v2\/types\/page"}],"author":[{"embeddable":true,"href":"https:\/\/oigusteenused.eu\/ru\/wp-json\/wp\/v2\/users\/1"}],"replies":[{"embeddable":true,"href":"https:\/\/oigusteenused.eu\/ru\/wp-json\/wp\/v2\/comments?post=1347"}],"version-history":[{"count":10,"href":"https:\/\/oigusteenused.eu\/ru\/wp-json\/wp\/v2\/pages\/1347\/revisions"}],"predecessor-version":[{"id":1479,"href":"https:\/\/oigusteenused.eu\/ru\/wp-json\/wp\/v2\/pages\/1347\/revisions\/1479"}],"up":[{"embeddable":true,"href":"https:\/\/oigusteenused.eu\/ru\/wp-json\/wp\/v2\/pages\/1327"}],"wp:attachment":[{"href":"https:\/\/oigusteenused.eu\/ru\/wp-json\/wp\/v2\/media?parent=1347"}],"curies":[{"name":"wp","href":"https:\/\/api.w.org\/{rel}","templated":true}]}}